{"id":826,"date":"2024-03-11T11:33:04","date_gmt":"2024-03-11T11:33:04","guid":{"rendered":"https:\/\/manroland-sheetfed.whattheframework.uk\/pt-pt\/?page_id=826"},"modified":"2025-03-19T12:05:14","modified_gmt":"2025-03-19T12:05:14","slug":"inline-systems","status":"publish","type":"page","link":"https:\/\/www.manrolandsheetfed.com\/pt-pt\/systems\/inline-systems\/","title":{"rendered":"Inline Systems"},"content":{"rendered":"","protected":false},"excerpt":{"rendered":"","protected":false},"author":1,"featured_media":0,"parent":817,"menu_order":0,"comment_status":"closed","ping_status":"closed","template":"page-template-flexible-layout.php","meta":{"_acf_changed":false,"footnotes":""},"class_list":["post-826","page","type-page","status-publish","hentry"],"acf":[],"yoast_head":"<!-- This site is optimized with the Yoast SEO plugin v25.5 - https:\/\/yoast.com\/wordpress\/plugins\/seo\/ -->\n<title>Inline Systems - Portugu\u00eas<\/title>\n<meta name=\"robots\" content=\"index, follow, max-snippet:-1, max-image-preview:large, max-video-preview:-1\" \/>\n<link rel=\"canonical\" href=\"https:\/\/www.manrolandsheetfed.com\/pt-pt\/systems\/inline-systems\/\" \/>\n<meta property=\"og:locale\" content=\"pt_PT\" \/>\n<meta property=\"og:type\" content=\"article\" \/>\n<meta property=\"og:title\" content=\"Inline Systems - Portugu\u00eas\" \/>\n<meta property=\"og:url\" content=\"https:\/\/www.manrolandsheetfed.com\/pt-pt\/systems\/inline-systems\/\" \/>\n<meta property=\"og:site_name\" content=\"Portugu\u00eas\" \/>\n<meta property=\"article:modified_time\" content=\"2025-03-19T12:05:14+00:00\" \/>\n<meta name=\"twitter:card\" content=\"summary_large_image\" \/>\n<script type=\"application\/ld+json\" class=\"yoast-schema-graph\">{\"@context\":\"https:\/\/schema.org\",\"@graph\":[{\"@type\":\"WebPage\",\"@id\":\"https:\/\/www.manrolandsheetfed.com\/pt-pt\/systems\/inline-systems\/\",\"url\":\"https:\/\/www.manrolandsheetfed.com\/pt-pt\/systems\/inline-systems\/\",\"name\":\"Inline Systems - Portugu\u00eas\",\"isPartOf\":{\"@id\":\"https:\/\/www.manrolandsheetfed.com\/pt-pt\/#website\"},\"datePublished\":\"2024-03-11T11:33:04+00:00\",\"dateModified\":\"2025-03-19T12:05:14+00:00\",\"breadcrumb\":{\"@id\":\"https:\/\/www.manrolandsheetfed.com\/pt-pt\/systems\/inline-systems\/#breadcrumb\"},\"inLanguage\":\"pt-PT\",\"potentialAction\":[{\"@type\":\"ReadAction\",\"target\":[\"https:\/\/www.manrolandsheetfed.com\/pt-pt\/systems\/inline-systems\/\"]}]},{\"@type\":\"BreadcrumbList\",\"@id\":\"https:\/\/www.manrolandsheetfed.com\/pt-pt\/systems\/inline-systems\/#breadcrumb\",\"itemListElement\":[{\"@type\":\"ListItem\",\"position\":1,\"name\":\"Home\",\"item\":\"https:\/\/www.manrolandsheetfed.com\/pt-pt\/\"},{\"@type\":\"ListItem\",\"position\":2,\"name\":\"Solu\u00e7\u00f5es Perfeitas de Impress\u00e3o\",\"item\":\"https:\/\/www.manrolandsheetfed.com\/pt-pt\/systems\/\"},{\"@type\":\"ListItem\",\"position\":3,\"name\":\"Inline Systems\"}]},{\"@type\":\"WebSite\",\"@id\":\"https:\/\/www.manrolandsheetfed.com\/pt-pt\/#website\",\"url\":\"https:\/\/www.manrolandsheetfed.com\/pt-pt\/\",\"name\":\"Portugu\u00eas\",\"description\":\"Portugu\u00eas\",\"publisher\":{\"@id\":\"https:\/\/www.manrolandsheetfed.com\/pt-pt\/#organization\"},\"potentialAction\":[{\"@type\":\"SearchAction\",\"target\":{\"@type\":\"EntryPoint\",\"urlTemplate\":\"https:\/\/www.manrolandsheetfed.com\/pt-pt\/?s={search_term_string}\"},\"query-input\":{\"@type\":\"PropertyValueSpecification\",\"valueRequired\":true,\"valueName\":\"search_term_string\"}}],\"inLanguage\":\"pt-PT\"},{\"@type\":\"Organization\",\"@id\":\"https:\/\/www.manrolandsheetfed.com\/pt-pt\/#organization\",\"name\":\"Portugu\u00eas\",\"url\":\"https:\/\/www.manrolandsheetfed.com\/pt-pt\/\",\"logo\":{\"@type\":\"ImageObject\",\"inLanguage\":\"pt-PT\",\"@id\":\"https:\/\/www.manrolandsheetfed.com\/pt-pt\/#\/schema\/logo\/image\/\",\"url\":\"https:\/\/www.manrolandsheetfed.com\/pt-pt\/wp-content\/uploads\/sites\/7\/2024\/03\/cropped-manroland_sheetfed_favicon-1-1.png\",\"contentUrl\":\"https:\/\/www.manrolandsheetfed.com\/pt-pt\/wp-content\/uploads\/sites\/7\/2024\/03\/cropped-manroland_sheetfed_favicon-1-1.png\",\"width\":512,\"height\":512,\"caption\":\"Portugu\u00eas\"},\"image\":{\"@id\":\"https:\/\/www.manrolandsheetfed.com\/pt-pt\/#\/schema\/logo\/image\/\"}}]}<\/script>\n<!-- \/ Yoast SEO plugin. -->","yoast_head_json":{"title":"Inline Systems - Portugu\u00eas","robots":{"index":"index","follow":"follow","max-snippet":"max-snippet:-1","max-image-preview":"max-image-preview:large","max-video-preview":"max-video-preview:-1"},"canonical":"https:\/\/www.manrolandsheetfed.com\/pt-pt\/systems\/inline-systems\/","og_locale":"pt_PT","og_type":"article","og_title":"Inline Systems - Portugu\u00eas","og_url":"https:\/\/www.manrolandsheetfed.com\/pt-pt\/systems\/inline-systems\/","og_site_name":"Portugu\u00eas","article_modified_time":"2025-03-19T12:05:14+00:00","twitter_card":"summary_large_image","schema":{"@context":"https:\/\/schema.org","@graph":[{"@type":"WebPage","@id":"https:\/\/www.manrolandsheetfed.com\/pt-pt\/systems\/inline-systems\/","url":"https:\/\/www.manrolandsheetfed.com\/pt-pt\/systems\/inline-systems\/","name":"Inline Systems - Portugu\u00eas","isPartOf":{"@id":"https:\/\/www.manrolandsheetfed.com\/pt-pt\/#website"},"datePublished":"2024-03-11T11:33:04+00:00","dateModified":"2025-03-19T12:05:14+00:00","breadcrumb":{"@id":"https:\/\/www.manrolandsheetfed.com\/pt-pt\/systems\/inline-systems\/#breadcrumb"},"inLanguage":"pt-PT","potentialAction":[{"@type":"ReadAction","target":["https:\/\/www.manrolandsheetfed.com\/pt-pt\/systems\/inline-systems\/"]}]},{"@type":"BreadcrumbList","@id":"https:\/\/www.manrolandsheetfed.com\/pt-pt\/systems\/inline-systems\/#breadcrumb","itemListElement":[{"@type":"ListItem","position":1,"name":"Home","item":"https:\/\/www.manrolandsheetfed.com\/pt-pt\/"},{"@type":"ListItem","position":2,"name":"Solu\u00e7\u00f5es Perfeitas de Impress\u00e3o","item":"https:\/\/www.manrolandsheetfed.com\/pt-pt\/systems\/"},{"@type":"ListItem","position":3,"name":"Inline Systems"}]},{"@type":"WebSite","@id":"https:\/\/www.manrolandsheetfed.com\/pt-pt\/#website","url":"https:\/\/www.manrolandsheetfed.com\/pt-pt\/","name":"Portugu\u00eas","description":"Portugu\u00eas","publisher":{"@id":"https:\/\/www.manrolandsheetfed.com\/pt-pt\/#organization"},"potentialAction":[{"@type":"SearchAction","target":{"@type":"EntryPoint","urlTemplate":"https:\/\/www.manrolandsheetfed.com\/pt-pt\/?s={search_term_string}"},"query-input":{"@type":"PropertyValueSpecification","valueRequired":true,"valueName":"search_term_string"}}],"inLanguage":"pt-PT"},{"@type":"Organization","@id":"https:\/\/www.manrolandsheetfed.com\/pt-pt\/#organization","name":"Portugu\u00eas","url":"https:\/\/www.manrolandsheetfed.com\/pt-pt\/","logo":{"@type":"ImageObject","inLanguage":"pt-PT","@id":"https:\/\/www.manrolandsheetfed.com\/pt-pt\/#\/schema\/logo\/image\/","url":"https:\/\/www.manrolandsheetfed.com\/pt-pt\/wp-content\/uploads\/sites\/7\/2024\/03\/cropped-manroland_sheetfed_favicon-1-1.png","contentUrl":"https:\/\/www.manrolandsheetfed.com\/pt-pt\/wp-content\/uploads\/sites\/7\/2024\/03\/cropped-manroland_sheetfed_favicon-1-1.png","width":512,"height":512,"caption":"Portugu\u00eas"},"image":{"@id":"https:\/\/www.manrolandsheetfed.com\/pt-pt\/#\/schema\/logo\/image\/"}}]}},"_links":{"self":[{"href":"https:\/\/www.manrolandsheetfed.com\/pt-pt\/wp-json\/wp\/v2\/pages\/826","targetHints":{"allow":["GET"]}}],"collection":[{"href":"https:\/\/www.manrolandsheetfed.com\/pt-pt\/wp-json\/wp\/v2\/pages"}],"about":[{"href":"https:\/\/www.manrolandsheetfed.com\/pt-pt\/wp-json\/wp\/v2\/types\/page"}],"author":[{"embeddable":true,"href":"https:\/\/www.manrolandsheetfed.com\/pt-pt\/wp-json\/wp\/v2\/users\/1"}],"replies":[{"embeddable":true,"href":"https:\/\/www.manrolandsheetfed.com\/pt-pt\/wp-json\/wp\/v2\/comments?post=826"}],"version-history":[{"count":7,"href":"https:\/\/www.manrolandsheetfed.com\/pt-pt\/wp-json\/wp\/v2\/pages\/826\/revisions"}],"predecessor-version":[{"id":2281,"href":"https:\/\/www.manrolandsheetfed.com\/pt-pt\/wp-json\/wp\/v2\/pages\/826\/revisions\/2281"}],"up":[{"embeddable":true,"href":"https:\/\/www.manrolandsheetfed.com\/pt-pt\/wp-json\/wp\/v2\/pages\/817"}],"wp:attachment":[{"href":"https:\/\/www.manrolandsheetfed.com\/pt-pt\/wp-json\/wp\/v2\/media?parent=826"}],"curies":[{"name":"wp","href":"https:\/\/api.w.org\/{rel}","templated":true}]}}